{"id":184,"date":"2025-01-25T20:27:19","date_gmt":"2025-01-25T20:27:19","guid":{"rendered":"https:\/\/merinobewool.com\/?page_id=184"},"modified":"2025-03-04T17:52:39","modified_gmt":"2025-03-04T17:52:39","slug":"tu-proyecto","status":"publish","type":"page","link":"https:\/\/merinobewool.com\/en\/tu-proyecto\/","title":{"rendered":"Your Project"},"content":{"rendered":"<div data-elementor-type=\"wp-page\" data-elementor-id=\"184\" class=\"elementor elementor-184\">\n\t\t\t\t<div class=\"elementor-element elementor-element-d72e0cd e-flex e-con-boxed e-con e-parent\" data-id=\"d72e0cd\" data-element_type=\"container\" data-e-type=\"container\" data-settings=\"{&quot;background_background&quot;:&quot;classic&quot;}\">\n\t\t\t\t\t<div class=\"e-con-inner\">\n\t\t<div class=\"elementor-element elementor-element-6f28072 e-con-full e-flex e-con e-child\" data-id=\"6f28072\" data-element_type=\"container\" data-e-type=\"container\">\n\t\t\t\t<div class=\"elementor-element elementor-element-5bb9e4d elementor-widget elementor-widget-heading\" data-id=\"5bb9e4d\" data-element_type=\"widget\" data-e-type=\"widget\" data-widget_type=\"heading.default\">\n\t\t\t\t\t<h2 class=\"elementor-heading-title elementor-size-default\">Adding Merino wool to your project will not only allow you to create pieces that are durable and resistant to wear and tear, you will also be supporting the sheep farmers who work hard to keep the tradition alive. Join the adventure and discover the magic of Patagonia's highest\u00a0quality\u00a0fiber!<\/h2>\t\t\t\t<\/div>\n\t\t\t\t<\/div>\n\t\t\t\t\t<\/div>\n\t\t\t\t<\/div>\n\t\t<div class=\"elementor-element elementor-element-eef91d9 e-flex e-con-boxed e-con e-parent\" data-id=\"eef91d9\" data-element_type=\"container\" data-e-type=\"container\">\n\t\t\t\t\t<div class=\"e-con-inner\">\n\t\t\t\t<div class=\"elementor-element elementor-element-3b8a436 elementor-widget elementor-widget-image\" data-id=\"3b8a436\" data-element_type=\"widget\" data-e-type=\"widget\" data-widget_type=\"image.default\">\n\t\t\t\t\t\t\t\t\t\t\t\t\t\t\t<img fetchpriority=\"high\" decoding=\"async\" width=\"1024\" height=\"541\" src=\"https:\/\/merinobewool.com\/wp-content\/uploads\/2025\/02\/gallery-10-1024x541.jpg\" class=\"attachment-large size-large wp-image-869\" alt=\"\" srcset=\"https:\/\/merinobewool.com\/wp-content\/uploads\/2025\/02\/gallery-10-1024x541.jpg 1024w, https:\/\/merinobewool.com\/wp-content\/uploads\/2025\/02\/gallery-10-300x158.jpg 300w, https:\/\/merinobewool.com\/wp-content\/uploads\/2025\/02\/gallery-10-768x406.jpg 768w, https:\/\/merinobewool.com\/wp-content\/uploads\/2025\/02\/gallery-10-1536x811.jpg 1536w, https:\/\/merinobewool.com\/wp-content\/uploads\/2025\/02\/gallery-10-18x10.jpg 18w, https:\/\/merinobewool.com\/wp-content\/uploads\/2025\/02\/gallery-10-600x317.jpg 600w, https:\/\/merinobewool.com\/wp-content\/uploads\/2025\/02\/gallery-10.jpg 1920w\" sizes=\"(max-width: 1024px) 100vw, 1024px\" \/>\t\t\t\t\t\t\t\t\t\t\t\t\t\t\t<\/div>\n\t\t<div class=\"elementor-element elementor-element-0290053 e-con-full e-flex e-con e-child\" data-id=\"0290053\" data-element_type=\"container\" data-e-type=\"container\" id=\"row-2\">\n\t\t<div class=\"elementor-element elementor-element-66b5228 e-con-full e-flex e-con e-child\" data-id=\"66b5228\" data-element_type=\"container\" data-e-type=\"container\" id=\"row-2-col-1\">\n\t\t<div class=\"elementor-element elementor-element-9c53634 e-con-full e-flex e-con e-child\" data-id=\"9c53634\" data-element_type=\"container\" data-e-type=\"container\">\n\t\t\t\t<div class=\"elementor-element elementor-element-7b55921 elementor-widget elementor-widget-image\" data-id=\"7b55921\" data-element_type=\"widget\" data-e-type=\"widget\" data-widget_type=\"image.default\">\n\t\t\t\t\t\t\t\t\t\t\t\t\t\t\t<img decoding=\"async\" width=\"890\" height=\"1024\" data-src=\"https:\/\/merinobewool.com\/wp-content\/uploads\/2025\/02\/gallery-09-890x1024.jpg\" class=\"attachment-large size-large wp-image-870 lazyload\" alt=\"\" data-srcset=\"https:\/\/merinobewool.com\/wp-content\/uploads\/2025\/02\/gallery-09-890x1024.jpg 890w, https:\/\/merinobewool.com\/wp-content\/uploads\/2025\/02\/gallery-09-261x300.jpg 261w, https:\/\/merinobewool.com\/wp-content\/uploads\/2025\/02\/gallery-09-768x883.jpg 768w, https:\/\/merinobewool.com\/wp-content\/uploads\/2025\/02\/gallery-09-10x12.jpg 10w, https:\/\/merinobewool.com\/wp-content\/uploads\/2025\/02\/gallery-09-600x690.jpg 600w, https:\/\/merinobewool.com\/wp-content\/uploads\/2025\/02\/gallery-09.jpg 939w\" data-sizes=\"(max-width: 890px) 100vw, 890px\" src=\"data:image\/svg+xml;base64,PHN2ZyB3aWR0aD0iMSIgaGVpZ2h0PSIxIiB4bWxucz0iaHR0cDovL3d3dy53My5vcmcvMjAwMC9zdmciPjwvc3ZnPg==\" style=\"--smush-placeholder-width: 890px; --smush-placeholder-aspect-ratio: 890\/1024;\" \/>\t\t\t\t\t\t\t\t\t\t\t\t\t\t\t<\/div>\n\t\t\t\t<div class=\"elementor-element elementor-element-e5562ea elementor-widget elementor-widget-image\" data-id=\"e5562ea\" data-element_type=\"widget\" data-e-type=\"widget\" data-widget_type=\"image.default\">\n\t\t\t\t\t\t\t\t\t\t\t\t\t\t\t<img decoding=\"async\" width=\"890\" height=\"1024\" data-src=\"https:\/\/merinobewool.com\/wp-content\/uploads\/2025\/02\/gallery-08-890x1024.jpg\" class=\"attachment-large size-large wp-image-871 lazyload\" alt=\"\" data-srcset=\"https:\/\/merinobewool.com\/wp-content\/uploads\/2025\/02\/gallery-08-890x1024.jpg 890w, https:\/\/merinobewool.com\/wp-content\/uploads\/2025\/02\/gallery-08-261x300.jpg 261w, https:\/\/merinobewool.com\/wp-content\/uploads\/2025\/02\/gallery-08-768x883.jpg 768w, https:\/\/merinobewool.com\/wp-content\/uploads\/2025\/02\/gallery-08-10x12.jpg 10w, https:\/\/merinobewool.com\/wp-content\/uploads\/2025\/02\/gallery-08-600x690.jpg 600w, https:\/\/merinobewool.com\/wp-content\/uploads\/2025\/02\/gallery-08.jpg 939w\" data-sizes=\"(max-width: 890px) 100vw, 890px\" src=\"data:image\/svg+xml;base64,PHN2ZyB3aWR0aD0iMSIgaGVpZ2h0PSIxIiB4bWxucz0iaHR0cDovL3d3dy53My5vcmcvMjAwMC9zdmciPjwvc3ZnPg==\" style=\"--smush-placeholder-width: 890px; --smush-placeholder-aspect-ratio: 890\/1024;\" \/>\t\t\t\t\t\t\t\t\t\t\t\t\t\t\t<\/div>\n\t\t\t\t<\/div>\n\t\t\t\t<div class=\"elementor-element elementor-element-1913376 elementor-widget elementor-widget-image\" data-id=\"1913376\" data-element_type=\"widget\" data-e-type=\"widget\" id=\"row-2-col-1-row-2\" data-widget_type=\"image.default\">\n\t\t\t\t\t\t\t\t\t\t\t\t\t\t\t<img decoding=\"async\" width=\"1024\" height=\"561\" data-src=\"https:\/\/merinobewool.com\/wp-content\/uploads\/2025\/02\/gallery-07-1024x561.jpg\" class=\"attachment-large size-large wp-image-873 lazyload\" alt=\"\" data-srcset=\"https:\/\/merinobewool.com\/wp-content\/uploads\/2025\/02\/gallery-07-1024x561.jpg 1024w, https:\/\/merinobewool.com\/wp-content\/uploads\/2025\/02\/gallery-07-300x164.jpg 300w, https:\/\/merinobewool.com\/wp-content\/uploads\/2025\/02\/gallery-07-768x420.jpg 768w, https:\/\/merinobewool.com\/wp-content\/uploads\/2025\/02\/gallery-07-1536x841.jpg 1536w, https:\/\/merinobewool.com\/wp-content\/uploads\/2025\/02\/gallery-07-18x10.jpg 18w, https:\/\/merinobewool.com\/wp-content\/uploads\/2025\/02\/gallery-07-600x328.jpg 600w, https:\/\/merinobewool.com\/wp-content\/uploads\/2025\/02\/gallery-07.jpg 1920w\" data-sizes=\"(max-width: 1024px) 100vw, 1024px\" src=\"data:image\/svg+xml;base64,PHN2ZyB3aWR0aD0iMSIgaGVpZ2h0PSIxIiB4bWxucz0iaHR0cDovL3d3dy53My5vcmcvMjAwMC9zdmciPjwvc3ZnPg==\" style=\"--smush-placeholder-width: 1024px; --smush-placeholder-aspect-ratio: 1024\/561;\" \/>\t\t\t\t\t\t\t\t\t\t\t\t\t\t\t<\/div>\n\t\t\t\t<\/div>\n\t\t\t\t<div class=\"elementor-element elementor-element-8199f67 elementor-widget elementor-widget-image\" data-id=\"8199f67\" data-element_type=\"widget\" data-e-type=\"widget\" data-widget_type=\"image.default\">\n\t\t\t\t\t\t\t\t\t\t\t\t\t\t\t<img decoding=\"async\" width=\"683\" height=\"1024\" data-src=\"https:\/\/merinobewool.com\/wp-content\/uploads\/2025\/02\/gallery-06-683x1024.jpg\" class=\"attachment-large size-large wp-image-872 lazyload\" alt=\"\" data-srcset=\"https:\/\/merinobewool.com\/wp-content\/uploads\/2025\/02\/gallery-06-683x1024.jpg 683w, https:\/\/merinobewool.com\/wp-content\/uploads\/2025\/02\/gallery-06-200x300.jpg 200w, https:\/\/merinobewool.com\/wp-content\/uploads\/2025\/02\/gallery-06-8x12.jpg 8w, https:\/\/merinobewool.com\/wp-content\/uploads\/2025\/02\/gallery-06-600x899.jpg 600w, https:\/\/merinobewool.com\/wp-content\/uploads\/2025\/02\/gallery-06.jpg 720w\" data-sizes=\"(max-width: 683px) 100vw, 683px\" src=\"data:image\/svg+xml;base64,PHN2ZyB3aWR0aD0iMSIgaGVpZ2h0PSIxIiB4bWxucz0iaHR0cDovL3d3dy53My5vcmcvMjAwMC9zdmciPjwvc3ZnPg==\" style=\"--smush-placeholder-width: 683px; --smush-placeholder-aspect-ratio: 683\/1024;\" \/>\t\t\t\t\t\t\t\t\t\t\t\t\t\t\t<\/div>\n\t\t\t\t<\/div>\n\t\t\t\t<div class=\"elementor-element elementor-element-b8c73f4 elementor-widget elementor-widget-image\" data-id=\"b8c73f4\" data-element_type=\"widget\" data-e-type=\"widget\" data-widget_type=\"image.default\">\n\t\t\t\t\t\t\t\t\t\t\t\t\t\t\t<img decoding=\"async\" width=\"1024\" height=\"684\" data-src=\"https:\/\/merinobewool.com\/wp-content\/uploads\/2025\/02\/gallery-05-1024x684.jpg\" class=\"attachment-large size-large wp-image-875 lazyload\" alt=\"\" data-srcset=\"https:\/\/merinobewool.com\/wp-content\/uploads\/2025\/02\/gallery-05-1024x684.jpg 1024w, https:\/\/merinobewool.com\/wp-content\/uploads\/2025\/02\/gallery-05-300x200.jpg 300w, https:\/\/merinobewool.com\/wp-content\/uploads\/2025\/02\/gallery-05-768x513.jpg 768w, https:\/\/merinobewool.com\/wp-content\/uploads\/2025\/02\/gallery-05-1536x1026.jpg 1536w, https:\/\/merinobewool.com\/wp-content\/uploads\/2025\/02\/gallery-05-18x12.jpg 18w, https:\/\/merinobewool.com\/wp-content\/uploads\/2025\/02\/gallery-05-600x401.jpg 600w, https:\/\/merinobewool.com\/wp-content\/uploads\/2025\/02\/gallery-05.jpg 1617w\" data-sizes=\"(max-width: 1024px) 100vw, 1024px\" src=\"data:image\/svg+xml;base64,PHN2ZyB3aWR0aD0iMSIgaGVpZ2h0PSIxIiB4bWxucz0iaHR0cDovL3d3dy53My5vcmcvMjAwMC9zdmciPjwvc3ZnPg==\" style=\"--smush-placeholder-width: 1024px; --smush-placeholder-aspect-ratio: 1024\/684;\" \/>\t\t\t\t\t\t\t\t\t\t\t\t\t\t\t<\/div>\n\t\t\t\t\t<\/div>\n\t\t\t\t<\/div>\n\t\t<div class=\"elementor-element elementor-element-8030f31 e-flex e-con-boxed e-con e-parent\" data-id=\"8030f31\" data-element_type=\"container\" data-e-type=\"container\" id=\"gallery-special-container\">\n\t\t\t\t\t<div class=\"e-con-inner\">\n\t\t<div class=\"elementor-element elementor-element-bdfa3c2 e-con-full e-flex e-con e-child\" data-id=\"bdfa3c2\" data-element_type=\"container\" data-e-type=\"container\">\n\t\t\t\t<div class=\"elementor-element elementor-element-679a395 elementor-widget elementor-widget-image\" data-id=\"679a395\" data-element_type=\"widget\" data-e-type=\"widget\" data-widget_type=\"image.default\">\n\t\t\t\t\t\t\t\t\t\t\t\t\t\t\t<img decoding=\"async\" width=\"1024\" height=\"696\" data-src=\"https:\/\/merinobewool.com\/wp-content\/uploads\/2025\/02\/gallery-04-1024x696.jpg\" class=\"attachment-large size-large wp-image-879 lazyload\" alt=\"\" data-srcset=\"https:\/\/merinobewool.com\/wp-content\/uploads\/2025\/02\/gallery-04-1024x696.jpg 1024w, https:\/\/merinobewool.com\/wp-content\/uploads\/2025\/02\/gallery-04-300x204.jpg 300w, https:\/\/merinobewool.com\/wp-content\/uploads\/2025\/02\/gallery-04-768x522.jpg 768w, https:\/\/merinobewool.com\/wp-content\/uploads\/2025\/02\/gallery-04-1536x1045.jpg 1536w, https:\/\/merinobewool.com\/wp-content\/uploads\/2025\/02\/gallery-04-18x12.jpg 18w, https:\/\/merinobewool.com\/wp-content\/uploads\/2025\/02\/gallery-04-600x408.jpg 600w, https:\/\/merinobewool.com\/wp-content\/uploads\/2025\/02\/gallery-04.jpg 1588w\" data-sizes=\"(max-width: 1024px) 100vw, 1024px\" src=\"data:image\/svg+xml;base64,PHN2ZyB3aWR0aD0iMSIgaGVpZ2h0PSIxIiB4bWxucz0iaHR0cDovL3d3dy53My5vcmcvMjAwMC9zdmciPjwvc3ZnPg==\" style=\"--smush-placeholder-width: 1024px; --smush-placeholder-aspect-ratio: 1024\/696;\" \/>\t\t\t\t\t\t\t\t\t\t\t\t\t\t\t<\/div>\n\t\t\t\t<div class=\"elementor-element elementor-element-7d7dcd4 elementor-widget elementor-widget-image\" data-id=\"7d7dcd4\" data-element_type=\"widget\" data-e-type=\"widget\" data-widget_type=\"image.default\">\n\t\t\t\t\t\t\t\t\t\t\t\t\t\t\t<img decoding=\"async\" width=\"686\" height=\"1024\" data-src=\"https:\/\/merinobewool.com\/wp-content\/uploads\/2025\/02\/gallery-03-686x1024.jpg\" class=\"attachment-large size-large wp-image-880 lazyload\" alt=\"\" data-srcset=\"https:\/\/merinobewool.com\/wp-content\/uploads\/2025\/02\/gallery-03-686x1024.jpg 686w, https:\/\/merinobewool.com\/wp-content\/uploads\/2025\/02\/gallery-03-201x300.jpg 201w, https:\/\/merinobewool.com\/wp-content\/uploads\/2025\/02\/gallery-03-8x12.jpg 8w, https:\/\/merinobewool.com\/wp-content\/uploads\/2025\/02\/gallery-03-600x895.jpg 600w, https:\/\/merinobewool.com\/wp-content\/uploads\/2025\/02\/gallery-03.jpg 724w\" data-sizes=\"(max-width: 686px) 100vw, 686px\" src=\"data:image\/svg+xml;base64,PHN2ZyB3aWR0aD0iMSIgaGVpZ2h0PSIxIiB4bWxucz0iaHR0cDovL3d3dy53My5vcmcvMjAwMC9zdmciPjwvc3ZnPg==\" style=\"--smush-placeholder-width: 686px; --smush-placeholder-aspect-ratio: 686\/1024;\" \/>\t\t\t\t\t\t\t\t\t\t\t\t\t\t\t<\/div>\n\t\t\t\t<\/div>\n\t\t<div class=\"elementor-element elementor-element-c087caa e-con-full e-flex e-con e-child\" data-id=\"c087caa\" data-element_type=\"container\" data-e-type=\"container\" id=\"gallery-col-2\">\n\t\t\t\t<div class=\"elementor-element elementor-element-65d0a35 elementor-widget elementor-widget-image\" data-id=\"65d0a35\" data-element_type=\"widget\" data-e-type=\"widget\" data-widget_type=\"image.default\">\n\t\t\t\t\t\t\t\t\t\t\t\t\t\t\t<img decoding=\"async\" width=\"688\" height=\"1024\" data-src=\"https:\/\/merinobewool.com\/wp-content\/uploads\/2025\/02\/gallery-02-688x1024.jpg\" class=\"attachment-large size-large wp-image-881 lazyload\" alt=\"\" data-srcset=\"https:\/\/merinobewool.com\/wp-content\/uploads\/2025\/02\/gallery-02-688x1024.jpg 688w, https:\/\/merinobewool.com\/wp-content\/uploads\/2025\/02\/gallery-02-202x300.jpg 202w, https:\/\/merinobewool.com\/wp-content\/uploads\/2025\/02\/gallery-02-8x12.jpg 8w, https:\/\/merinobewool.com\/wp-content\/uploads\/2025\/02\/gallery-02-600x893.jpg 600w, https:\/\/merinobewool.com\/wp-content\/uploads\/2025\/02\/gallery-02.jpg 725w\" data-sizes=\"(max-width: 688px) 100vw, 688px\" src=\"data:image\/svg+xml;base64,PHN2ZyB3aWR0aD0iMSIgaGVpZ2h0PSIxIiB4bWxucz0iaHR0cDovL3d3dy53My5vcmcvMjAwMC9zdmciPjwvc3ZnPg==\" style=\"--smush-placeholder-width: 688px; --smush-placeholder-aspect-ratio: 688\/1024;\" \/>\t\t\t\t\t\t\t\t\t\t\t\t\t\t\t<\/div>\n\t\t\t\t<div class=\"elementor-element elementor-element-b2fe735 elementor-widget elementor-widget-image\" data-id=\"b2fe735\" data-element_type=\"widget\" data-e-type=\"widget\" data-widget_type=\"image.default\">\n\t\t\t\t\t\t\t\t\t\t\t\t\t\t\t<img decoding=\"async\" width=\"748\" height=\"1024\" data-src=\"https:\/\/merinobewool.com\/wp-content\/uploads\/2025\/02\/gallery-01-748x1024.jpg\" class=\"attachment-large size-large wp-image-868 lazyload\" alt=\"\" data-srcset=\"https:\/\/merinobewool.com\/wp-content\/uploads\/2025\/02\/gallery-01-748x1024.jpg 748w, https:\/\/merinobewool.com\/wp-content\/uploads\/2025\/02\/gallery-01-219x300.jpg 219w, https:\/\/merinobewool.com\/wp-content\/uploads\/2025\/02\/gallery-01-768x1051.jpg 768w, https:\/\/merinobewool.com\/wp-content\/uploads\/2025\/02\/gallery-01-9x12.jpg 9w, https:\/\/merinobewool.com\/wp-content\/uploads\/2025\/02\/gallery-01-600x821.jpg 600w, https:\/\/merinobewool.com\/wp-content\/uploads\/2025\/02\/gallery-01.jpg 789w\" data-sizes=\"(max-width: 748px) 100vw, 748px\" src=\"data:image\/svg+xml;base64,PHN2ZyB3aWR0aD0iMSIgaGVpZ2h0PSIxIiB4bWxucz0iaHR0cDovL3d3dy53My5vcmcvMjAwMC9zdmciPjwvc3ZnPg==\" style=\"--smush-placeholder-width: 748px; --smush-placeholder-aspect-ratio: 748\/1024;\" \/>\t\t\t\t\t\t\t\t\t\t\t\t\t\t\t<\/div>\n\t\t\t\t<\/div>\n\t\t\t\t\t<\/div>\n\t\t\t\t<\/div>\n\t\t\t\t<\/div>","protected":false},"excerpt":{"rendered":"<p>Sumar lana Merino a tu proyecto no s\u00f3lo te permitir\u00e1 crear piezas que sean duraderas y resistentes al desgaste, tambi\u00e9n [&hellip;]<\/p>\n","protected":false},"author":1,"featured_media":0,"parent":0,"menu_order":0,"comment_status":"closed","ping_status":"closed","template":"","meta":{"site-sidebar-layout":"no-sidebar","site-content-layout":"","ast-site-content-layout":"full-width-container","site-content-style":"default","site-sidebar-style":"default","ast-global-header-display":"","ast-banner-title-visibility":"","ast-main-header-display":"","ast-hfb-above-header-display":"","ast-hfb-below-header-display":"","ast-hfb-mobile-header-display":"","site-post-title":"disabled","ast-breadcrumbs-content":"","ast-featured-img":"disabled","footer-sml-layout":"","ast-disable-related-posts":"","theme-transparent-header-meta":"","adv-header-id-meta":"","stick-header-meta":"","header-above-stick-meta":"","header-main-stick-meta":"","header-below-stick-meta":"","astra-migrate-meta-layouts":"default","ast-page-background-enabled":"default","ast-page-background-meta":{"desktop":{"background-color":"var(--ast-global-color-4)","background-image":"","background-repeat":"repeat","background-position":"center center","background-size":"auto","background-attachment":"scroll","background-type":"","background-media":"","overlay-type":"","overlay-color":"","overlay-opacity":"","overlay-gradient":""},"tablet":{"background-color":"","background-image":"","background-repeat":"repeat","background-position":"center center","background-size":"auto","background-attachment":"scroll","background-type":"","background-media":"","overlay-type":"","overlay-color":"","overlay-opacity":"","overlay-gradient":""},"mobile":{"background-color":"","background-image":"","background-repeat":"repeat","background-position":"center center","background-size":"auto","background-attachment":"scroll","background-type":"","background-media":"","overlay-type":"","overlay-color":"","overlay-opacity":"","overlay-gradient":""}},"ast-content-background-meta":{"desktop":{"background-color":"var(--ast-global-color-5)","background-image":"","background-repeat":"repeat","background-position":"center center","background-size":"auto","background-attachment":"scroll","background-type":"","background-media":"","overlay-type":"","overlay-color":"","overlay-opacity":"","overlay-gradient":""},"tablet":{"background-color":"var(--ast-global-color-5)","background-image":"","background-repeat":"repeat","background-position":"center center","background-size":"auto","background-attachment":"scroll","background-type":"","background-media":"","overlay-type":"","overlay-color":"","overlay-opacity":"","overlay-gradient":""},"mobile":{"background-color":"var(--ast-global-color-5)","background-image":"","background-repeat":"repeat","background-position":"center center","background-size":"auto","background-attachment":"scroll","background-type":"","background-media":"","overlay-type":"","overlay-color":"","overlay-opacity":"","overlay-gradient":""}},"footnotes":""},"class_list":["post-184","page","type-page","status-publish","hentry"],"_links":{"self":[{"href":"https:\/\/merinobewool.com\/en\/wp-json\/wp\/v2\/pages\/184","targetHints":{"allow":["GET"]}}],"collection":[{"href":"https:\/\/merinobewool.com\/en\/wp-json\/wp\/v2\/pages"}],"about":[{"href":"https:\/\/merinobewool.com\/en\/wp-json\/wp\/v2\/types\/page"}],"author":[{"embeddable":true,"href":"https:\/\/merinobewool.com\/en\/wp-json\/wp\/v2\/users\/1"}],"replies":[{"embeddable":true,"href":"https:\/\/merinobewool.com\/en\/wp-json\/wp\/v2\/comments?post=184"}],"version-history":[{"count":61,"href":"https:\/\/merinobewool.com\/en\/wp-json\/wp\/v2\/pages\/184\/revisions"}],"predecessor-version":[{"id":1206,"href":"https:\/\/merinobewool.com\/en\/wp-json\/wp\/v2\/pages\/184\/revisions\/1206"}],"wp:attachment":[{"href":"https:\/\/merinobewool.com\/en\/wp-json\/wp\/v2\/media?parent=184"}],"curies":[{"name":"wp","href":"https:\/\/api.w.org\/{rel}","templated":true}]}}