{"id":1413,"date":"2025-11-16T12:53:29","date_gmt":"2025-11-16T12:53:29","guid":{"rendered":"https:\/\/merinobewool.com\/?post_type=product&#038;p=1413"},"modified":"2026-03-26T21:35:15","modified_gmt":"2026-03-26T21:35:15","slug":"box-reina-artesanal","status":"publish","type":"product","link":"https:\/\/merinobewool.com\/en\/product\/box-reina-artesanal\/","title":{"rendered":"Box Reina Artesanal"},"content":{"rendered":"<p>Hilado artesanal de grosor medio, ideal para tejer con agujas entre 5 y 8, hilado a partir de top de merino ultra fino de 17 micrones.<\/p>\n<p>Esta serie de hilados est\u00e1n realizados de manera artesanal mediante el uso de la rueca. Estos hilados son \u00fanicos y sus caracter\u00edsticas est\u00e1n dadas por las manos que preparan, hilan y acondicionan la lana.<\/p>\n<p>Cada hilado lleva el nombre la hilandera que lo desarroll\u00f3 y decidimos fraccionarlo de manera tal que alcance para un proyecto completo, pero en caso de necesitar m\u00e1s, recuerden el nombre para poder tener un hilado hecho por las mismas manos.<\/p>\n<p>El Box Reina contiene 400g gramos de hilado artesanal realizado a partir de vell\u00f3n de 17 micrones con certificaci\u00f3n RWS.<\/p>","protected":false},"excerpt":{"rendered":"<p>Hilado artesanal de grosor medio, ideal para tejer con agujas entre 5 y 8, hilado a partir de top de [&hellip;]<\/p>\n","protected":false},"featured_media":1414,"template":"","meta":{"site-sidebar-layout":"default","site-content-layout":"","ast-site-content-layout":"default","site-content-style":"default","site-sidebar-style":"default","ast-global-header-display":"","ast-banner-title-visibility":"","ast-main-header-display":"","ast-hfb-above-header-display":"","ast-hfb-below-header-display":"","ast-hfb-mobile-header-display":"","site-post-title":"","ast-breadcrumbs-content":"","ast-featured-img":"","footer-sml-layout":"","ast-disable-related-posts":"","theme-transparent-header-meta":"default","adv-header-id-meta":"","stick-header-meta":"","header-above-stick-meta":"","header-main-stick-meta":"","header-below-stick-meta":"","astra-migrate-meta-layouts":"set","ast-page-background-enabled":"default","ast-page-background-meta":{"desktop":{"background-color":"var(--ast-global-color-4)","background-image":"","background-repeat":"repeat","background-position":"center center","background-size":"auto","background-attachment":"scroll","background-type":"","background-media":"","overlay-type":"","overlay-color":"","overlay-opacity":"","overlay-gradient":""},"tablet":{"background-color":"","background-image":"","background-repeat":"repeat","background-position":"center center","background-size":"auto","background-attachment":"scroll","background-type":"","background-media":"","overlay-type":"","overlay-color":"","overlay-opacity":"","overlay-gradient":""},"mobile":{"background-color":"","background-image":"","background-repeat":"repeat","background-position":"center center","background-size":"auto","background-attachment":"scroll","background-type":"","background-media":"","overlay-type":"","overlay-color":"","overlay-opacity":"","overlay-gradient":""}},"ast-content-background-meta":{"desktop":{"background-color":"var(--ast-global-color-5)","background-image":"","background-repeat":"repeat","background-position":"center center","background-size":"auto","background-attachment":"scroll","background-type":"","background-media":"","overlay-type":"","overlay-color":"","overlay-opacity":"","overlay-gradient":""},"tablet":{"background-color":"var(--ast-global-color-5)","background-image":"","background-repeat":"repeat","background-position":"center center","background-size":"auto","background-attachment":"scroll","background-type":"","background-media":"","overlay-type":"","overlay-color":"","overlay-opacity":"","overlay-gradient":""},"mobile":{"background-color":"var(--ast-global-color-5)","background-image":"","background-repeat":"repeat","background-position":"center center","background-size":"auto","background-attachment":"scroll","background-type":"","background-media":"","overlay-type":"","overlay-color":"","overlay-opacity":"","overlay-gradient":""}}},"product_brand":[],"product_cat":[29],"product_tag":[],"class_list":{"0":"post-1413","1":"product","2":"type-product","3":"status-publish","4":"has-post-thumbnail","6":"product_cat-sin-categorizar","7":"product_shipping_class-correo-arg","8":"desktop-align-left","9":"tablet-align-left","10":"mobile-align-left","12":"first","13":"instock","14":"sold-individually","15":"shipping-taxable","16":"purchasable","17":"product-type-simple"},"_links":{"self":[{"href":"https:\/\/merinobewool.com\/en\/wp-json\/wp\/v2\/product\/1413","targetHints":{"allow":["GET"]}}],"collection":[{"href":"https:\/\/merinobewool.com\/en\/wp-json\/wp\/v2\/product"}],"about":[{"href":"https:\/\/merinobewool.com\/en\/wp-json\/wp\/v2\/types\/product"}],"wp:featuredmedia":[{"embeddable":true,"href":"https:\/\/merinobewool.com\/en\/wp-json\/wp\/v2\/media\/1414"}],"wp:attachment":[{"href":"https:\/\/merinobewool.com\/en\/wp-json\/wp\/v2\/media?parent=1413"}],"wp:term":[{"taxonomy":"product_brand","embeddable":true,"href":"https:\/\/merinobewool.com\/en\/wp-json\/wp\/v2\/product_brand?post=1413"},{"taxonomy":"product_cat","embeddable":true,"href":"https:\/\/merinobewool.com\/en\/wp-json\/wp\/v2\/product_cat?post=1413"},{"taxonomy":"product_tag","embeddable":true,"href":"https:\/\/merinobewool.com\/en\/wp-json\/wp\/v2\/product_tag?post=1413"}],"curies":[{"name":"wp","href":"https:\/\/api.w.org\/{rel}","templated":true}]}}